{"id":308,"date":"2020-01-13T11:17:52","date_gmt":"2020-01-13T11:17:52","guid":{"rendered":"https:\/\/demosites.io\/web-agency-gb\/?page_id=5"},"modified":"2025-10-14T03:38:16","modified_gmt":"2025-10-14T06:38:16","slug":"15c42-web-agency-gb-home","status":"publish","type":"page","link":"https:\/\/ovalleconstructora.cl\/","title":{"rendered":"Inicio"},"content":{"rendered":"\n<div class=\"wp-block-cover alignfull is-light\" style=\"min-height:700px;aspect-ratio:unset;\"><img fetchpriority=\"high\" decoding=\"async\" width=\"917\" height=\"855\" class=\"wp-block-cover__image-background wp-image-388 size-full\" alt=\"\" src=\"https:\/\/ovalleconstructora.cl\/wp-content\/uploads\/2025\/10\/fondo_llanquihue-1.png\" data-object-fit=\"cover\"\/><span aria-hidden=\"true\" class=\"wp-block-cover__background has-background-dim-0 has-background-dim\" style=\"background-color:#7696ad\"><\/span><div class=\"wp-block-cover__inner-container is-layout-flow wp-block-cover-is-layout-flow\">\n<div style=\"height:80px\" aria-hidden=\"true\" class=\"wp-block-spacer\"><\/div>\n\n\n\n<h1 class=\"wp-block-heading has-text-align-center has-text-color\" style=\"color:#121212\">Constructora Ovalle Spa<\/h1>\n\n\n\n<p class=\"has-text-align-center has-text-color\" style=\"color:#121212\">Constructora Ovalle SpA se dedica a brindar soluciones integrales en el rubro de la construcci\u00f3n, destac\u00e1ndose por su compromiso con la excelencia y la satisfacci\u00f3n de sus clientes.<\/p>\n\n\n\n<div class=\"wp-block-buttons is-horizontal is-content-justification-center is-layout-flex wp-container-core-buttons-is-layout-499968f5 wp-block-buttons-is-layout-flex\">\n<div class=\"wp-block-button is-style-primary\"><a class=\"wp-block-button__link wp-element-button\" href=\"https:\/\/ovalleconstructora.cl\/index.php\/15c42-web-agency-gb-portfolio\/\" rel=\"nofollow\">Proyectos<\/a><\/div>\n\n\n\n<div class=\"wp-block-button is-style-secondary\"><a class=\"wp-block-button__link wp-element-button\" href=\"https:\/\/ovalleconstructora.cl\/index.php\/15c42-web-agency-gb-contact-us\/\" rel=\"nofollow\">Contacto<\/a><\/div>\n<\/div>\n\n\n\n<div style=\"height:80px\" aria-hidden=\"true\" class=\"wp-block-spacer\"><\/div>\n\n\n\n<div style=\"height:80px\" aria-hidden=\"true\" class=\"wp-block-spacer\"><\/div>\n<\/div><\/div>\n\n\n\n<div style=\"height:80px\" aria-hidden=\"true\" class=\"wp-block-spacer\"><\/div>\n\n\n\n<div class=\"wp-block-columns is-layout-flex wp-container-core-columns-is-layout-9d6595d7 wp-block-columns-is-layout-flex\">\n<div class=\"wp-block-column is-layout-flow wp-block-column-is-layout-flow\"><div class=\"wp-block-image icon-style is-style-rounded\">\n<figure class=\"aligncenter size-large\"><img decoding=\"async\" src=\"https:\/\/ovalleconstructora.cl\/wp-content\/uploads\/2020\/01\/neve-webdesign-GB-03.png\" alt=\"\" class=\"wp-image-20\" title=\"\"\/><\/figure>\n<\/div>\n\n\n<div style=\"height:20px\" aria-hidden=\"true\" class=\"wp-block-spacer\"><\/div>\n\n\n\n<h3 class=\"wp-block-heading has-text-align-center has-neve-text-color-color has-text-color\">&nbsp;Construcci\u00f3n de viviendas residenciales<\/h3>\n\n\n\n<p class=\"has-text-align-left\">Desarrollo de proyectos habitacionales de alta calidad.<br>\u2022 Ejecuci\u00f3n de obras nuevas con dise\u00f1os a elecci\u00f3n y funcionales.<br>\u2022 Acompa\u00f1amiento al cliente en todas las etapas: planificaci\u00f3n, ejecuci\u00f3n y entrega.<\/p>\n\n\n\n<div style=\"height:20px\" aria-hidden=\"true\" class=\"wp-block-spacer\"><\/div>\n<\/div>\n\n\n\n<div class=\"wp-block-column is-layout-flow wp-block-column-is-layout-flow\"><div class=\"wp-block-image icon-style is-style-rounded\">\n<figure class=\"aligncenter size-large\"><img decoding=\"async\" src=\"https:\/\/ovalleconstructora.cl\/wp-content\/uploads\/2020\/01\/neve-webdesign-GB-03.png\" alt=\"\"\/><\/figure>\n<\/div>\n\n\n<div style=\"height:20px\" aria-hidden=\"true\" class=\"wp-block-spacer\"><\/div>\n\n\n\n<h3 class=\"wp-block-heading has-text-align-center has-neve-text-color-color has-text-color\">Ampliaciones de viviendas<\/h3>\n\n\n\n<p class=\"has-text-align-left\">Obras de ampliaci\u00f3n adaptadas a las necesidades de cada familia.<br>\u2022 Integraci\u00f3n arm\u00f3nica con la construcci\u00f3n original.<\/p>\n\n\n\n<div style=\"height:20px\" aria-hidden=\"true\" class=\"wp-block-spacer\"><\/div>\n<\/div>\n\n\n\n<div class=\"wp-block-column is-layout-flow wp-block-column-is-layout-flow\"><div class=\"wp-block-image icon-style is-style-rounded\">\n<figure class=\"aligncenter size-large\"><img decoding=\"async\" src=\"https:\/\/ovalleconstructora.cl\/wp-content\/uploads\/2020\/01\/neve-webdesign-GB-03.png\" alt=\"\"\/><\/figure>\n<\/div>\n\n\n<div style=\"height:20px\" aria-hidden=\"true\" class=\"wp-block-spacer\"><\/div>\n\n\n\n<h3 class=\"wp-block-heading has-text-align-center has-neve-text-color-color has-text-color\">Remodelaciones y renovaciones<\/h3>\n\n\n\n<p class=\"has-text-align-left\">Remodelaci\u00f3n de cocinas, ba\u00f1os y espacios interiores.<br>\u2022 Mejoras estructurales y est\u00e9ticas en viviendas.<br>\u2022 Actualizaci\u00f3n de acabados y terminaciones para modernizar los hogares.<\/p>\n\n\n\n<div style=\"height:20px\" aria-hidden=\"true\" class=\"wp-block-spacer\"><\/div>\n<\/div>\n\n\n\n<div class=\"wp-block-column is-layout-flow wp-block-column-is-layout-flow\"><div class=\"wp-block-image icon-style is-style-rounded\">\n<figure class=\"aligncenter size-large\"><img decoding=\"async\" src=\"https:\/\/ovalleconstructora.cl\/wp-content\/uploads\/2020\/01\/neve-webdesign-GB-03.png\" alt=\"\"\/><\/figure>\n<\/div>\n\n\n<div style=\"height:20px\" aria-hidden=\"true\" class=\"wp-block-spacer\"><\/div>\n\n\n\n<h3 class=\"wp-block-heading has-text-align-center has-neve-text-color-color has-text-color\">Gesti\u00f3n integral del proyecto<\/h3>\n\n\n\n<p class=\"has-text-align-left\">Asesor\u00eda t\u00e9cnica y profesional en todas las etapas de la obra.<br>\u2022 Supervisi\u00f3n de calidad y cumplimiento de plazos.<br>\u2022 Uso de materiales de primera y mano de obra calificada.<\/p>\n\n\n\n<div style=\"height:20px\" aria-hidden=\"true\" class=\"wp-block-spacer\"><\/div>\n<\/div>\n<\/div>\n\n\n\n<div style=\"height:80px\" aria-hidden=\"true\" class=\"wp-block-spacer\"><\/div>\n\n\n\n<div class=\"wp-block-cover alignfull\" style=\"min-height:600px;aspect-ratio:unset;\"><span aria-hidden=\"true\" class=\"wp-block-cover__background has-nv-light-bg-background-color has-background-dim-100 has-background-dim\"><\/span><div class=\"wp-block-cover__inner-container is-layout-flow wp-block-cover-is-layout-flow\">\n<div class=\"wp-block-group\"><div class=\"wp-block-group__inner-container is-layout-flow wp-block-group-is-layout-flow\">\n<div style=\"height:80px\" aria-hidden=\"true\" class=\"wp-block-spacer\"><\/div>\n\n\n\n<div class=\"wp-block-columns are-vertically-aligned-center is-layout-flex wp-container-core-columns-is-layout-9d6595d7 wp-block-columns-is-layout-flex\">\n<div class=\"wp-block-column is-vertically-aligned-center is-layout-flow wp-block-column-is-layout-flow\" style=\"flex-basis:50%\">\n<figure class=\"wp-block-image size-full\"><img decoding=\"async\" width=\"1200\" height=\"1600\" src=\"https:\/\/ovalleconstructora.cl\/wp-content\/uploads\/2025\/10\/WHD7A71.jpe\" alt=\"\" class=\"wp-image-428\"\/><\/figure>\n<\/div>\n\n\n\n<div class=\"wp-block-column is-vertically-aligned-center is-layout-flow wp-block-column-is-layout-flow\" style=\"flex-basis:50%\">\n<div style=\"height:20px\" aria-hidden=\"true\" class=\"wp-block-spacer\"><\/div>\n\n\n\n<h2 class=\"wp-block-heading has-text-align-left has-neve-text-color-color has-text-color\">Proyectos<\/h2>\n\n\n\n<div class=\"wp-block-essential-blocks-text  root-eb-text-4j596\"><div class=\"eb-parent-wrapper eb-parent-eb-text-4j596 \"><div class=\"eb-text-wrapper eb-text-4j596\" data-id=\"eb-text-4j596\"><p class=\"eb-text\">Revisa nuestra cartera de proyectos. Quiz\u00e1s pueda generar una idea para que la podamos realizar.<\/p><\/div><\/div><\/div>\n\n\n\n<div class=\"wp-block-buttons is-horizontal is-content-justification-left is-layout-flex wp-container-core-buttons-is-layout-7e5fce0a wp-block-buttons-is-layout-flex\">\n<div class=\"wp-block-button is-style-primary\"><a class=\"wp-block-button__link wp-element-button\" href=\"https:\/\/ovalleconstructora.cl\/index.php\/15c42-web-agency-gb-portfolio\/\">Lee M\u00e1s<\/a><\/div>\n<\/div>\n<\/div>\n<\/div>\n\n\n\n<div style=\"height:40px\" aria-hidden=\"true\" class=\"wp-block-spacer\"><\/div>\n<\/div><\/div>\n<\/div><\/div>\n\n\n\n<div class=\"wp-block-cover alignfull\" style=\"min-height:600px;aspect-ratio:unset;\"><span aria-hidden=\"true\" class=\"wp-block-cover__background has-nv-site-bg-background-color has-background-dim-100 has-background-dim\"><\/span><div class=\"wp-block-cover__inner-container is-layout-flow wp-block-cover-is-layout-flow\">\n<div class=\"wp-block-group\"><div class=\"wp-block-group__inner-container is-layout-flow wp-block-group-is-layout-flow\">\n<div style=\"height:80px\" aria-hidden=\"true\" class=\"wp-block-spacer\"><\/div>\n\n\n\n<div class=\"wp-block-columns are-vertically-aligned-center is-layout-flex wp-container-core-columns-is-layout-9d6595d7 wp-block-columns-is-layout-flex\">\n<div class=\"wp-block-column is-vertically-aligned-center is-layout-flow wp-block-column-is-layout-flow\" style=\"flex-basis:50%\">\n<h2 class=\"wp-block-heading has-text-align-left has-neve-text-color-color has-text-color\">Contacto<\/h2>\n\n\n\n<p class=\"has-text-align-left has-neve-text-color-color has-text-color\" style=\"font-size:17px\">Explora los proyectos que hemos realizado como constructora.<\/p>\n\n\n\n<div class=\"wp-block-buttons is-horizontal is-content-justification-left is-layout-flex wp-container-core-buttons-is-layout-7e5fce0a wp-block-buttons-is-layout-flex\">\n<div class=\"wp-block-button is-style-primary\"><a class=\"wp-block-button__link wp-element-button\" href=\"https:\/\/ovalleconstructora.cl\/index.php\/15c42-web-agency-gb-contact-us\/\">Lee M\u00e1s<\/a><\/div>\n<\/div>\n\n\n\n<div style=\"height:40px\" aria-hidden=\"true\" class=\"wp-block-spacer\"><\/div>\n<\/div>\n\n\n\n<div class=\"wp-block-column is-vertically-aligned-center is-layout-flow wp-block-column-is-layout-flow\" style=\"flex-basis:50%\">\n<figure class=\"wp-block-image size-full\"><img decoding=\"async\" width=\"910\" height=\"841\" src=\"https:\/\/ovalleconstructora.cl\/wp-content\/uploads\/2025\/10\/contacto.png\" alt=\"\" class=\"wp-image-429\"\/><\/figure>\n<\/div>\n<\/div>\n\n\n\n<div style=\"height:40px\" aria-hidden=\"true\" class=\"wp-block-spacer\"><\/div>\n<\/div><\/div>\n<\/div><\/div>\n\n\n\n<div class=\"wp-block-cover alignfull\" style=\"min-height:300px;aspect-ratio:unset;\"><span aria-hidden=\"true\" class=\"wp-block-cover__background has-nv-dark-bg-background-color has-background-dim-100 has-background-dim\"><\/span><div class=\"wp-block-cover__inner-container is-layout-flow wp-block-cover-is-layout-flow\">\n<div style=\"height:140px\" aria-hidden=\"true\" class=\"wp-block-spacer\"><\/div>\n\n\n\n<h2 class=\"wp-block-heading has-text-align-center has-nv-text-dark-bg-color has-text-color\">Trabajemos juntos en tu pr\u00f3ximo proyecto<\/h2>\n\n\n\n<p class=\"has-text-align-center\">Cada proyecto es un viaje y estamos aqu\u00ed para guiarte en cada paso.<\/p>\n\n\n\n<div class=\"wp-block-buttons is-horizontal is-content-justification-center is-layout-flex wp-container-core-buttons-is-layout-499968f5 wp-block-buttons-is-layout-flex\">\n<div class=\"wp-block-button is-style-primary\"><a class=\"wp-block-button__link wp-element-button\" href=\"https:\/\/ovalleconstructora.cl\/index.php\/15c42-web-agency-gb-contact-us\/\">Leer M\u00e1s<\/a><\/div>\n<\/div>\n\n\n\n<div style=\"height:140px\" aria-hidden=\"true\" class=\"wp-block-spacer\"><\/div>\n<\/div><\/div>\n","protected":false},"excerpt":{"rendered":"<p>&nbsp;Construcci\u00f3n de viviendas residenciales Desarrollo de proyectos habitacionales de alta calidad.\u2022 Ejecuci\u00f3n de obras nuevas con dise\u00f1os a elecci\u00f3n y funcionales.\u2022 Acompa\u00f1amiento al cliente en todas las etapas: planificaci\u00f3n, ejecuci\u00f3n y entrega. Ampliaciones de viviendas Obras de ampliaci\u00f3n adaptadas a las necesidades de cada familia.\u2022 Integraci\u00f3n arm\u00f3nica con la construcci\u00f3n original. Remodelaciones y renovaciones Remodelaci\u00f3n&hellip;&nbsp;<\/p>\n","protected":false},"author":1,"featured_media":0,"parent":0,"menu_order":0,"comment_status":"closed","ping_status":"closed","template":"","meta":{"_eb_attr":"","_uag_custom_page_level_css":"","postBodyCss":"","postBodyMargin":[],"postBodyPadding":[],"postBodyBackground":{"backgroundType":"classic","gradient":""},"neve_meta_sidebar":"default","neve_meta_container":"default","neve_meta_enable_content_width":"on","neve_meta_content_width":100,"neve_meta_title_alignment":"","neve_meta_author_avatar":"","neve_post_elements_order":"","neve_meta_disable_header":"","neve_meta_disable_footer":"","neve_meta_disable_title":"on","_themeisle_gutenberg_block_has_review":false,"_joinchat":[],"footnotes":""},"class_list":["post-308","page","type-page","status-publish","hentry"],"uagb_featured_image_src":{"full":false,"thumbnail":false,"medium":false,"medium_large":false,"large":false,"1536x1536":false,"2048x2048":false,"neve-blog":false},"uagb_author_info":{"display_name":"mvasquez","author_link":"https:\/\/ovalleconstructora.cl\/author\/mvasquez\/"},"uagb_comment_info":0,"uagb_excerpt":"&nbsp;Construcci\u00f3n de viviendas residenciales Desarrollo de proyectos habitacionales de alta calidad.\u2022 Ejecuci\u00f3n de obras nuevas con dise\u00f1os a elecci\u00f3n y funcionales.\u2022 Acompa\u00f1amiento al cliente en todas las etapas: planificaci\u00f3n, ejecuci\u00f3n y entrega. Ampliaciones de viviendas Obras de ampliaci\u00f3n adaptadas a las necesidades de cada familia.\u2022 Integraci\u00f3n arm\u00f3nica con la construcci\u00f3n original. Remodelaciones y renovaciones Remodelaci\u00f3n&hellip;&nbsp;","_links":{"self":[{"href":"https:\/\/ovalleconstructora.cl\/index.php\/wp-json\/wp\/v2\/pages\/308","targetHints":{"allow":["GET"]}}],"collection":[{"href":"https:\/\/ovalleconstructora.cl\/index.php\/wp-json\/wp\/v2\/pages"}],"about":[{"href":"https:\/\/ovalleconstructora.cl\/index.php\/wp-json\/wp\/v2\/types\/page"}],"author":[{"embeddable":true,"href":"https:\/\/ovalleconstructora.cl\/index.php\/wp-json\/wp\/v2\/users\/1"}],"replies":[{"embeddable":true,"href":"https:\/\/ovalleconstructora.cl\/index.php\/wp-json\/wp\/v2\/comments?post=308"}],"version-history":[{"count":27,"href":"https:\/\/ovalleconstructora.cl\/index.php\/wp-json\/wp\/v2\/pages\/308\/revisions"}],"predecessor-version":[{"id":559,"href":"https:\/\/ovalleconstructora.cl\/index.php\/wp-json\/wp\/v2\/pages\/308\/revisions\/559"}],"wp:attachment":[{"href":"https:\/\/ovalleconstructora.cl\/index.php\/wp-json\/wp\/v2\/media?parent=308"}],"curies":[{"name":"wp","href":"https:\/\/api.w.org\/{rel}","templated":true}]}}